{"id":84123,"date":"2025-08-29T17:25:05","date_gmt":"2025-08-29T10:25:05","guid":{"rendered":"https:\/\/annstheticbeauty.com\/?page_id=84123"},"modified":"2025-08-29T17:25:05","modified_gmt":"2025-08-29T10:25:05","slug":"news-annsthetic-beauty-3","status":"publish","type":"page","link":"https:\/\/annstheticbeauty.com\/en\/news-annsthetic-beauty-3\/","title":{"rendered":"News Annsthetic Beauty"},"content":{"rendered":"\t\t<div data-elementor-type=\"wp-page\" data-elementor-id=\"84123\" class=\"elementor elementor-84123 elementor-84122\" data-elementor-post-type=\"page\">\n\t\t\t\t\t\t<section data-dce-background-image-url=\"https:\/\/annstheticbeauty.com\/wp-content\/uploads\/2025\/05\/Annsthetic-Beauty-la-mot-hanh-trinh-khai-pha-ngu-quan-khien-tam-tri-luc-cham-den-dinh-cao-cua-thu-gian.jpg\" class=\"elementor-section elementor-top-section elementor-element elementor-element-c18d455 elementor-section-content-middle elementor-section-full_width elementor-section-height-min-height elementor-section-height-default elementor-section-items-middle elementor-invisible\" data-id=\"c18d455\" data-element_type=\"section\" data-settings=\"{&quot;background_background&quot;:&quot;classic&quot;,&quot;animation&quot;:&quot;fadeIn&quot;}\">\n\t\t\t\t\t\t\t<div class=\"elementor-background-overlay\"><\/div>\n\t\t\t\t\t\t\t<div class=\"elementor-container elementor-column-gap-no\">\n\t\t\t\t\t<div class=\" elementor-column elementor-col-100 elementor-top-column elementor-element elementor-element-d8c6f14\" data-fullscreen-column-settings=\"{&quot;fullscreen&quot;:&quot;&quot;}\" data-id=\"d8c6f14\" data-element_type=\"column\">\n\t\t\t<div class=\"elementor-widget-wrap\">\n\t\t\t\t\t\t\t<\/div>\n\t\t<\/div>\n\t\t\t\t\t<\/div>\n\t\t<\/section>\n\t\t\t\t<section data-parallax-section-settings=\"{&quot;parallax_ratio&quot;:0.1,&quot;parallax&quot;:&quot;parallax&quot;}\" class=\"elementor-section elementor-top-section elementor-element elementor-element-d7e81f8 elementor-section-content-middle elementor-section-boxed elementor-section-height-default elementor-section-height-default elementor-invisible\" data-id=\"d7e81f8\" data-element_type=\"section\" data-settings=\"{&quot;background_background&quot;:&quot;classic&quot;,&quot;animation&quot;:&quot;fadeIn&quot;}\">\n\t\t\t\t\t\t\t<div class=\"elementor-background-overlay\"><\/div>\n\t\t\t\t\t\t\t<div class=\"elementor-container elementor-column-gap-default\">\n\t\t\t\t\t<div class=\" elementor-column elementor-col-100 elementor-top-column elementor-element elementor-element-09dbd6b\" data-fullscreen-column-settings=\"{&quot;fullscreen&quot;:&quot;&quot;}\" data-id=\"09dbd6b\" data-element_type=\"column\">\n\t\t\t<div class=\"elementor-widget-wrap elementor-element-populated\">\n\t\t\t\t\t\t<div class=\"elementor-element elementor-element-62d8afd elementor-widget-mobile__width-inherit elementor-widget elementor-widget-litho-heading\" data-id=\"62d8afd\" data-element_type=\"widget\" data-widget_type=\"litho-heading.default\">\n\t\t\t\t<div class=\"elementor-widget-container\">\n\t\t\t\t\t<h3 class=\"litho-heading elementor-size-default\"><span class=\"litho-primary-title\">News and Events<\/span><\/h3>\t\t\t\t<\/div>\n\t\t\t\t<\/div>\n\t\t\t\t\t<\/div>\n\t\t<\/div>\n\t\t\t\t\t<\/div>\n\t\t<\/section>\n\t\t\t\t<section data-parallax-section-settings=\"{&quot;parallax_ratio&quot;:0.1,&quot;parallax&quot;:&quot;parallax&quot;}\" class=\"elementor-section elementor-top-section elementor-element elementor-element-e365d4d elementor-section-content-middle elementor-section-boxed elementor-section-height-default elementor-section-height-default elementor-invisible\" data-id=\"e365d4d\" data-element_type=\"section\" data-settings=\"{&quot;background_background&quot;:&quot;classic&quot;,&quot;animation&quot;:&quot;fadeIn&quot;}\">\n\t\t\t\t\t\t\t<div class=\"elementor-background-overlay\"><\/div>\n\t\t\t\t\t\t\t<div class=\"elementor-container elementor-column-gap-default\">\n\t\t\t\t\t<div class=\" elementor-column elementor-col-100 elementor-top-column elementor-element elementor-element-119a365\" data-fullscreen-column-settings=\"{&quot;fullscreen&quot;:&quot;&quot;}\" data-id=\"119a365\" data-element_type=\"column\">\n\t\t\t<div class=\"elementor-widget-wrap elementor-element-populated\">\n\t\t\t\t\t\t\t<\/div>\n\t\t<\/div>\n\t\t\t\t\t<\/div>\n\t\t<\/section>\n\t\t\t\t<\/div>\n\t\t","protected":false},"excerpt":{"rendered":"<p>News and Events V\u00ec sao ch\u1ecdn tr\u1ebb h\u00f3a da kh\u00f4ng x\u00e2m l\u1ea5n b\u1eb1ng c\u00f4ng ngh\u1ec7 LINEARZ? Hi\u1ec7u qu\u1ea3, an to\u00e0n v\u00e0 duy tr\u00ec v\u1ebb \u0111\u1eb9p l\u00e2u d\u00e0i t\u1ea1i Annsthetic Beauty V\u00ec sao ch\u1ecdn tr\u1ebb h\u00f3a da kh\u00f4ng x\u00e2m l\u1ea5n b\u1eb1ng c\u00f4ng ngh\u1ec7 LINEARZ? Hi\u1ec7u qu\u1ea3, an to\u00e0n v\u00e0 duy tr\u00ec v\u1ebb \u0111\u1eb9p l\u00e2u d\u00e0i t\u1ea1i [&hellip;]<\/p>\n","protected":false},"author":1,"featured_media":0,"parent":0,"menu_order":87,"comment_status":"closed","ping_status":"closed","template":"","meta":{"footnotes":""},"class_list":["post-84123","page","type-page","status-publish","hentry"],"yoast_head":"<!-- This site is optimized with the Yoast SEO Premium plugin v25.4 (Yoast SEO v25.4) - https:\/\/yoast.com\/wordpress\/plugins\/seo\/ -->\n<title>News Annsthetic Beauty - Annsthetic Beauty<\/title>\n<meta name=\"robots\" content=\"index, follow, max-snippet:-1, max-image-preview:large, max-video-preview:-1\" \/>\n<link rel=\"canonical\" href=\"https:\/\/annstheticbeauty.com\/en\/news-annsthetic-beauty-3\/\" \/>\n<meta property=\"og:locale\" content=\"en_US\" \/>\n<meta property=\"og:type\" content=\"article\" \/>\n<meta property=\"og:title\" content=\"News Annsthetic Beauty\" \/>\n<meta property=\"og:description\" content=\"News and Events V\u00ec sao ch\u1ecdn tr\u1ebb h\u00f3a da kh\u00f4ng x\u00e2m l\u1ea5n b\u1eb1ng c\u00f4ng ngh\u1ec7 LINEARZ? Hi\u1ec7u qu\u1ea3, an to\u00e0n v\u00e0 duy tr\u00ec v\u1ebb \u0111\u1eb9p l\u00e2u d\u00e0i t\u1ea1i Annsthetic Beauty V\u00ec sao ch\u1ecdn tr\u1ebb h\u00f3a da kh\u00f4ng x\u00e2m l\u1ea5n b\u1eb1ng c\u00f4ng ngh\u1ec7 LINEARZ? Hi\u1ec7u qu\u1ea3, an to\u00e0n v\u00e0 duy tr\u00ec v\u1ebb \u0111\u1eb9p l\u00e2u d\u00e0i t\u1ea1i [&hellip;]\" \/>\n<meta property=\"og:url\" content=\"https:\/\/annstheticbeauty.com\/en\/news-annsthetic-beauty-3\/\" \/>\n<meta property=\"og:site_name\" content=\"Annsthetic Beauty\" \/>\n<meta property=\"og:image\" content=\"http:\/\/annstheticbeauty.com\/wp-content\/uploads\/2025\/06\/155-768x768.jpg\" \/>\n<meta name=\"twitter:card\" content=\"summary_large_image\" \/>\n<meta name=\"twitter:label1\" content=\"Est. reading time\" \/>\n\t<meta name=\"twitter:data1\" content=\"7 minutes\" \/>\n<script type=\"application\/ld+json\" class=\"yoast-schema-graph\">{\"@context\":\"https:\/\/schema.org\",\"@graph\":[{\"@type\":\"WebPage\",\"@id\":\"https:\/\/annstheticbeauty.com\/en\/news-annsthetic-beauty-3\/\",\"url\":\"https:\/\/annstheticbeauty.com\/en\/news-annsthetic-beauty-3\/\",\"name\":\"News Annsthetic Beauty - Annsthetic Beauty\",\"isPartOf\":{\"@id\":\"https:\/\/annstheticbeauty.com\/en\/#website\"},\"primaryImageOfPage\":{\"@id\":\"https:\/\/annstheticbeauty.com\/en\/news-annsthetic-beauty-3\/#primaryimage\"},\"image\":{\"@id\":\"https:\/\/annstheticbeauty.com\/en\/news-annsthetic-beauty-3\/#primaryimage\"},\"thumbnailUrl\":\"http:\/\/annstheticbeauty.com\/wp-content\/uploads\/2025\/06\/155-768x768.jpg\",\"datePublished\":\"2025-08-29T10:25:05+00:00\",\"breadcrumb\":{\"@id\":\"https:\/\/annstheticbeauty.com\/en\/news-annsthetic-beauty-3\/#breadcrumb\"},\"inLanguage\":\"en-US\",\"potentialAction\":[{\"@type\":\"ReadAction\",\"target\":[\"https:\/\/annstheticbeauty.com\/en\/news-annsthetic-beauty-3\/\"]}]},{\"@type\":\"ImageObject\",\"inLanguage\":\"en-US\",\"@id\":\"https:\/\/annstheticbeauty.com\/en\/news-annsthetic-beauty-3\/#primaryimage\",\"url\":\"http:\/\/annstheticbeauty.com\/wp-content\/uploads\/2025\/06\/155-768x768.jpg\",\"contentUrl\":\"http:\/\/annstheticbeauty.com\/wp-content\/uploads\/2025\/06\/155-768x768.jpg\"},{\"@type\":\"BreadcrumbList\",\"@id\":\"https:\/\/annstheticbeauty.com\/en\/news-annsthetic-beauty-3\/#breadcrumb\",\"itemListElement\":[{\"@type\":\"ListItem\",\"position\":1,\"name\":\"Trang ch\u1ee7\",\"item\":\"https:\/\/annstheticbeauty.com\/en\/\"},{\"@type\":\"ListItem\",\"position\":2,\"name\":\"News Annsthetic Beauty\"}]},{\"@type\":\"WebSite\",\"@id\":\"https:\/\/annstheticbeauty.com\/en\/#website\",\"url\":\"https:\/\/annstheticbeauty.com\/en\/\",\"name\":\"Annsthetic Beauty\",\"description\":\"Annsthetic Beauty\",\"publisher\":{\"@id\":\"https:\/\/annstheticbeauty.com\/en\/#organization\"},\"potentialAction\":[{\"@type\":\"SearchAction\",\"target\":{\"@type\":\"EntryPoint\",\"urlTemplate\":\"https:\/\/annstheticbeauty.com\/en\/?s={search_term_string}\"},\"query-input\":{\"@type\":\"PropertyValueSpecification\",\"valueRequired\":true,\"valueName\":\"search_term_string\"}}],\"inLanguage\":\"en-US\"},{\"@type\":\"Organization\",\"@id\":\"https:\/\/annstheticbeauty.com\/en\/#organization\",\"name\":\"Annsthetic Beauty\",\"url\":\"https:\/\/annstheticbeauty.com\/en\/\",\"logo\":{\"@type\":\"ImageObject\",\"inLanguage\":\"en-US\",\"@id\":\"https:\/\/annstheticbeauty.com\/en\/#\/schema\/logo\/image\/\",\"url\":\"https:\/\/annstheticbeauty.com\/wp-content\/uploads\/2020\/07\/Annsthetic-Beauty-Logo.png\",\"contentUrl\":\"https:\/\/annstheticbeauty.com\/wp-content\/uploads\/2020\/07\/Annsthetic-Beauty-Logo.png\",\"width\":300,\"height\":324,\"caption\":\"Annsthetic Beauty\"},\"image\":{\"@id\":\"https:\/\/annstheticbeauty.com\/en\/#\/schema\/logo\/image\/\"}}]}<\/script>\n<!-- \/ Yoast SEO Premium plugin. -->","yoast_head_json":{"title":"News Annsthetic Beauty - Annsthetic Beauty","robots":{"index":"index","follow":"follow","max-snippet":"max-snippet:-1","max-image-preview":"max-image-preview:large","max-video-preview":"max-video-preview:-1"},"canonical":"https:\/\/annstheticbeauty.com\/en\/news-annsthetic-beauty-3\/","og_locale":"en_US","og_type":"article","og_title":"News Annsthetic Beauty","og_description":"News and Events V\u00ec sao ch\u1ecdn tr\u1ebb h\u00f3a da kh\u00f4ng x\u00e2m l\u1ea5n b\u1eb1ng c\u00f4ng ngh\u1ec7 LINEARZ? Hi\u1ec7u qu\u1ea3, an to\u00e0n v\u00e0 duy tr\u00ec v\u1ebb \u0111\u1eb9p l\u00e2u d\u00e0i t\u1ea1i Annsthetic Beauty V\u00ec sao ch\u1ecdn tr\u1ebb h\u00f3a da kh\u00f4ng x\u00e2m l\u1ea5n b\u1eb1ng c\u00f4ng ngh\u1ec7 LINEARZ? Hi\u1ec7u qu\u1ea3, an to\u00e0n v\u00e0 duy tr\u00ec v\u1ebb \u0111\u1eb9p l\u00e2u d\u00e0i t\u1ea1i [&hellip;]","og_url":"https:\/\/annstheticbeauty.com\/en\/news-annsthetic-beauty-3\/","og_site_name":"Annsthetic Beauty","og_image":[{"url":"http:\/\/annstheticbeauty.com\/wp-content\/uploads\/2025\/06\/155-768x768.jpg","type":"","width":"","height":""}],"twitter_card":"summary_large_image","twitter_misc":{"Est. reading time":"7 minutes"},"schema":{"@context":"https:\/\/schema.org","@graph":[{"@type":"WebPage","@id":"https:\/\/annstheticbeauty.com\/en\/news-annsthetic-beauty-3\/","url":"https:\/\/annstheticbeauty.com\/en\/news-annsthetic-beauty-3\/","name":"News Annsthetic Beauty - Annsthetic Beauty","isPartOf":{"@id":"https:\/\/annstheticbeauty.com\/en\/#website"},"primaryImageOfPage":{"@id":"https:\/\/annstheticbeauty.com\/en\/news-annsthetic-beauty-3\/#primaryimage"},"image":{"@id":"https:\/\/annstheticbeauty.com\/en\/news-annsthetic-beauty-3\/#primaryimage"},"thumbnailUrl":"http:\/\/annstheticbeauty.com\/wp-content\/uploads\/2025\/06\/155-768x768.jpg","datePublished":"2025-08-29T10:25:05+00:00","breadcrumb":{"@id":"https:\/\/annstheticbeauty.com\/en\/news-annsthetic-beauty-3\/#breadcrumb"},"inLanguage":"en-US","potentialAction":[{"@type":"ReadAction","target":["https:\/\/annstheticbeauty.com\/en\/news-annsthetic-beauty-3\/"]}]},{"@type":"ImageObject","inLanguage":"en-US","@id":"https:\/\/annstheticbeauty.com\/en\/news-annsthetic-beauty-3\/#primaryimage","url":"http:\/\/annstheticbeauty.com\/wp-content\/uploads\/2025\/06\/155-768x768.jpg","contentUrl":"http:\/\/annstheticbeauty.com\/wp-content\/uploads\/2025\/06\/155-768x768.jpg"},{"@type":"BreadcrumbList","@id":"https:\/\/annstheticbeauty.com\/en\/news-annsthetic-beauty-3\/#breadcrumb","itemListElement":[{"@type":"ListItem","position":1,"name":"Trang ch\u1ee7","item":"https:\/\/annstheticbeauty.com\/en\/"},{"@type":"ListItem","position":2,"name":"News Annsthetic Beauty"}]},{"@type":"WebSite","@id":"https:\/\/annstheticbeauty.com\/en\/#website","url":"https:\/\/annstheticbeauty.com\/en\/","name":"Annsthetic Beauty","description":"Annsthetic Beauty","publisher":{"@id":"https:\/\/annstheticbeauty.com\/en\/#organization"},"potentialAction":[{"@type":"SearchAction","target":{"@type":"EntryPoint","urlTemplate":"https:\/\/annstheticbeauty.com\/en\/?s={search_term_string}"},"query-input":{"@type":"PropertyValueSpecification","valueRequired":true,"valueName":"search_term_string"}}],"inLanguage":"en-US"},{"@type":"Organization","@id":"https:\/\/annstheticbeauty.com\/en\/#organization","name":"Annsthetic Beauty","url":"https:\/\/annstheticbeauty.com\/en\/","logo":{"@type":"ImageObject","inLanguage":"en-US","@id":"https:\/\/annstheticbeauty.com\/en\/#\/schema\/logo\/image\/","url":"https:\/\/annstheticbeauty.com\/wp-content\/uploads\/2020\/07\/Annsthetic-Beauty-Logo.png","contentUrl":"https:\/\/annstheticbeauty.com\/wp-content\/uploads\/2020\/07\/Annsthetic-Beauty-Logo.png","width":300,"height":324,"caption":"Annsthetic Beauty"},"image":{"@id":"https:\/\/annstheticbeauty.com\/en\/#\/schema\/logo\/image\/"}}]}},"_links":{"self":[{"href":"https:\/\/annstheticbeauty.com\/en\/wp-json\/wp\/v2\/pages\/84123","targetHints":{"allow":["GET"]}}],"collection":[{"href":"https:\/\/annstheticbeauty.com\/en\/wp-json\/wp\/v2\/pages"}],"about":[{"href":"https:\/\/annstheticbeauty.com\/en\/wp-json\/wp\/v2\/types\/page"}],"author":[{"embeddable":true,"href":"https:\/\/annstheticbeauty.com\/en\/wp-json\/wp\/v2\/users\/1"}],"replies":[{"embeddable":true,"href":"https:\/\/annstheticbeauty.com\/en\/wp-json\/wp\/v2\/comments?post=84123"}],"version-history":[{"count":1,"href":"https:\/\/annstheticbeauty.com\/en\/wp-json\/wp\/v2\/pages\/84123\/revisions"}],"predecessor-version":[{"id":84124,"href":"https:\/\/annstheticbeauty.com\/en\/wp-json\/wp\/v2\/pages\/84123\/revisions\/84124"}],"wp:attachment":[{"href":"https:\/\/annstheticbeauty.com\/en\/wp-json\/wp\/v2\/media?parent=84123"}],"curies":[{"name":"wp","href":"https:\/\/api.w.org\/{rel}","templated":true}]}}